{"id":205,"date":"2018-09-19T14:10:49","date_gmt":"2018-09-19T12:10:49","guid":{"rendered":"http:\/\/arborescence-design.com\/?page_id=205"},"modified":"2021-01-20T14:15:17","modified_gmt":"2021-01-20T13:15:17","slug":"vibration-galerie","status":"publish","type":"page","link":"https:\/\/arborescence-design.com\/index.php\/la-collection\/vibration-galerie\/","title":{"rendered":"Table haute \u00ab\u00a0vibration\u00a0\u00bb"},"content":{"rendered":"<div id=\"pl-205\"  class=\"panel-layout\" ><div id=\"pg-205-0\"  class=\"panel-grid panel-no-style\" ><div id=\"pgc-205-0-0\"  class=\"panel-grid-cell\" ><div id=\"panel-205-0-0-0\" class=\"so-panel widget widget_sow-editor panel-first-child\" data-index=\"0\" ><div\n\t\t\t\n\t\t\tclass=\"so-widget-sow-editor so-widget-sow-editor-base\"\n\t\t\t\n\t\t>\n<div class=\"siteorigin-widget-tinymce textwidget\">\n\t<div class=\"eds-animate edsanimate-sis-hidden \" data-eds-entry-animation=\"fadeIn\" data-eds-entry-delay=\"0.5\" data-eds-entry-duration=\"1\" data-eds-entry-timing=\"linear\" data-eds-exit-animation=\"\" data-eds-exit-delay=\"\" data-eds-exit-duration=\"\" data-eds-exit-timing=\"\" data-eds-repeat-count=\"1\" data-eds-keep=\"yes\" data-eds-animate-on=\"load\" data-eds-scroll-offset=\"\">\n<p><img loading=\"lazy\" decoding=\"async\" src=\"http:\/\/arborescence-design.com\/wp-content\/uploads\/2020\/10\/A\u00a9GillesCharlier-Arborescence-0-31-1024x683.jpg\" alt=\"\" width=\"525\" height=\"350\" class=\"alignnone size-large wp-image-640\" srcset=\"https:\/\/arborescence-design.com\/wp-content\/uploads\/2020\/10\/A\u00a9GillesCharlier-Arborescence-0-31-1024x683.jpg 1024w, https:\/\/arborescence-design.com\/wp-content\/uploads\/2020\/10\/A\u00a9GillesCharlier-Arborescence-0-31-300x200.jpg 300w, https:\/\/arborescence-design.com\/wp-content\/uploads\/2020\/10\/A\u00a9GillesCharlier-Arborescence-0-31-768x512.jpg 768w, https:\/\/arborescence-design.com\/wp-content\/uploads\/2020\/10\/A\u00a9GillesCharlier-Arborescence-0-31-1536x1024.jpg 1536w, https:\/\/arborescence-design.com\/wp-content\/uploads\/2020\/10\/A\u00a9GillesCharlier-Arborescence-0-31-2048x1365.jpg 2048w, https:\/\/arborescence-design.com\/wp-content\/uploads\/2020\/10\/A\u00a9GillesCharlier-Arborescence-0-31-272x182.jpg 272w\" sizes=\"auto, (max-width: 525px) 100vw, 525px\" \/><\/p>\n<\/div>\n<\/div>\n<\/div><\/div><div id=\"panel-205-0-0-1\" class=\"so-panel widget widget_sow-editor\" data-index=\"1\" ><div\n\t\t\t\n\t\t\tclass=\"so-widget-sow-editor so-widget-sow-editor-base\"\n\t\t\t\n\t\t>\n<div class=\"siteorigin-widget-tinymce textwidget\">\n\t<div class=\"eds-animate edsanimate-sis-hidden \" data-eds-entry-animation=\"fadeIn\" data-eds-entry-delay=\"0.5\" data-eds-entry-duration=\"1\" data-eds-entry-timing=\"linear\" data-eds-exit-animation=\"\" data-eds-exit-delay=\"\" data-eds-exit-duration=\"\" data-eds-exit-timing=\"\" data-eds-repeat-count=\"1\" data-eds-keep=\"yes\" data-eds-animate-on=\"load\" data-eds-scroll-offset=\"\">\n<p><img loading=\"lazy\" decoding=\"async\" src=\"http:\/\/arborescence-design.com\/wp-content\/uploads\/2020\/10\/A\u00a9GillesCharlier-Arborescence-0-33-683x1024.jpg\" alt=\"\" width=\"525\" height=\"787\" class=\"alignnone size-large wp-image-648\" srcset=\"https:\/\/arborescence-design.com\/wp-content\/uploads\/2020\/10\/A\u00a9GillesCharlier-Arborescence-0-33-683x1024.jpg 683w, https:\/\/arborescence-design.com\/wp-content\/uploads\/2020\/10\/A\u00a9GillesCharlier-Arborescence-0-33-200x300.jpg 200w, https:\/\/arborescence-design.com\/wp-content\/uploads\/2020\/10\/A\u00a9GillesCharlier-Arborescence-0-33-768x1152.jpg 768w, https:\/\/arborescence-design.com\/wp-content\/uploads\/2020\/10\/A\u00a9GillesCharlier-Arborescence-0-33-1024x1536.jpg 1024w, https:\/\/arborescence-design.com\/wp-content\/uploads\/2020\/10\/A\u00a9GillesCharlier-Arborescence-0-33-1365x2048.jpg 1365w, https:\/\/arborescence-design.com\/wp-content\/uploads\/2020\/10\/A\u00a9GillesCharlier-Arborescence-0-33-scaled.jpg 1707w\" sizes=\"auto, (max-width: 525px) 100vw, 525px\" \/><\/p>\n<\/div>\n<\/div>\n<\/div><\/div><div id=\"panel-205-0-0-2\" class=\"so-panel widget widget_sow-editor panel-last-child\" data-index=\"2\" ><div\n\t\t\t\n\t\t\tclass=\"so-widget-sow-editor so-widget-sow-editor-base\"\n\t\t\t\n\t\t>\n<div class=\"siteorigin-widget-tinymce textwidget\">\n\t<div class=\"eds-animate edsanimate-sis-hidden \" data-eds-entry-animation=\"fadeIn\" data-eds-entry-delay=\"0.5\" data-eds-entry-duration=\"1\" data-eds-entry-timing=\"linear\" data-eds-exit-animation=\"\" data-eds-exit-delay=\"\" data-eds-exit-duration=\"\" data-eds-exit-timing=\"\" data-eds-repeat-count=\"1\" data-eds-keep=\"yes\" data-eds-animate-on=\"load\" data-eds-scroll-offset=\"\">\n<p><img loading=\"lazy\" decoding=\"async\" src=\"http:\/\/arborescence-design.com\/wp-content\/uploads\/2020\/10\/A\u00a9GillesCharlier-Arborescence-0-30-1024x683.jpg\" alt=\"\" width=\"525\" height=\"350\" class=\"alignnone size-large wp-image-652\" srcset=\"https:\/\/arborescence-design.com\/wp-content\/uploads\/2020\/10\/A\u00a9GillesCharlier-Arborescence-0-30-1024x683.jpg 1024w, https:\/\/arborescence-design.com\/wp-content\/uploads\/2020\/10\/A\u00a9GillesCharlier-Arborescence-0-30-300x200.jpg 300w, https:\/\/arborescence-design.com\/wp-content\/uploads\/2020\/10\/A\u00a9GillesCharlier-Arborescence-0-30-768x512.jpg 768w, https:\/\/arborescence-design.com\/wp-content\/uploads\/2020\/10\/A\u00a9GillesCharlier-Arborescence-0-30-1536x1024.jpg 1536w, https:\/\/arborescence-design.com\/wp-content\/uploads\/2020\/10\/A\u00a9GillesCharlier-Arborescence-0-30-2048x1365.jpg 2048w, https:\/\/arborescence-design.com\/wp-content\/uploads\/2020\/10\/A\u00a9GillesCharlier-Arborescence-0-30-272x182.jpg 272w\" sizes=\"auto, (max-width: 525px) 100vw, 525px\" \/><\/p>\n<\/div>\n<\/div>\n<\/div><\/div><\/div><div id=\"pgc-205-0-1\"  class=\"panel-grid-cell\" ><div id=\"panel-205-0-1-0\" class=\"so-panel widget widget_sow-editor panel-first-child\" data-index=\"3\" ><div\n\t\t\t\n\t\t\tclass=\"so-widget-sow-editor so-widget-sow-editor-base\"\n\t\t\t\n\t\t>\n<div class=\"siteorigin-widget-tinymce textwidget\">\n\t<div class=\"eds-animate edsanimate-sis-hidden \" data-eds-entry-animation=\"fadeIn\" data-eds-entry-delay=\"0.5\" data-eds-entry-duration=\"1\" data-eds-entry-timing=\"linear\" data-eds-exit-animation=\"\" data-eds-exit-delay=\"\" data-eds-exit-duration=\"\" data-eds-exit-timing=\"\" data-eds-repeat-count=\"1\" data-eds-keep=\"yes\" data-eds-animate-on=\"load\" data-eds-scroll-offset=\"\">\n<p><img loading=\"lazy\" decoding=\"async\" src=\"http:\/\/arborescence-design.com\/wp-content\/uploads\/2020\/10\/A\u00a9GillesCharlier-Arborescence-0-29-683x1024.jpg\" alt=\"\" width=\"525\" height=\"787\" class=\"alignnone size-large wp-image-709\" srcset=\"https:\/\/arborescence-design.com\/wp-content\/uploads\/2020\/10\/A\u00a9GillesCharlier-Arborescence-0-29-683x1024.jpg 683w, https:\/\/arborescence-design.com\/wp-content\/uploads\/2020\/10\/A\u00a9GillesCharlier-Arborescence-0-29-200x300.jpg 200w, https:\/\/arborescence-design.com\/wp-content\/uploads\/2020\/10\/A\u00a9GillesCharlier-Arborescence-0-29-768x1152.jpg 768w, https:\/\/arborescence-design.com\/wp-content\/uploads\/2020\/10\/A\u00a9GillesCharlier-Arborescence-0-29-1024x1536.jpg 1024w, https:\/\/arborescence-design.com\/wp-content\/uploads\/2020\/10\/A\u00a9GillesCharlier-Arborescence-0-29-1365x2048.jpg 1365w, https:\/\/arborescence-design.com\/wp-content\/uploads\/2020\/10\/A\u00a9GillesCharlier-Arborescence-0-29-scaled.jpg 1707w\" sizes=\"auto, (max-width: 525px) 100vw, 525px\" \/><\/p>\n<\/div>\n<\/div>\n<\/div><\/div><div id=\"panel-205-0-1-1\" class=\"so-panel widget widget_sow-editor\" data-index=\"4\" ><div\n\t\t\t\n\t\t\tclass=\"so-widget-sow-editor so-widget-sow-editor-base\"\n\t\t\t\n\t\t>\n<div class=\"siteorigin-widget-tinymce textwidget\">\n\t<div class=\"eds-animate edsanimate-sis-hidden \" data-eds-entry-animation=\"fadeIn\" data-eds-entry-delay=\"0.5\" data-eds-entry-duration=\"1\" data-eds-entry-timing=\"linear\" data-eds-exit-animation=\"\" data-eds-exit-delay=\"\" data-eds-exit-duration=\"\" data-eds-exit-timing=\"\" data-eds-repeat-count=\"1\" data-eds-keep=\"yes\" data-eds-animate-on=\"load\" data-eds-scroll-offset=\"\">\n<p><img loading=\"lazy\" decoding=\"async\" src=\"http:\/\/arborescence-design.com\/wp-content\/uploads\/2020\/10\/A\u00a9GillesCharlier-Arborescence-0-40-1024x683.jpg\" alt=\"\" width=\"525\" height=\"350\" class=\"alignnone size-large wp-image-644\" srcset=\"https:\/\/arborescence-design.com\/wp-content\/uploads\/2020\/10\/A\u00a9GillesCharlier-Arborescence-0-40-1024x683.jpg 1024w, https:\/\/arborescence-design.com\/wp-content\/uploads\/2020\/10\/A\u00a9GillesCharlier-Arborescence-0-40-300x200.jpg 300w, https:\/\/arborescence-design.com\/wp-content\/uploads\/2020\/10\/A\u00a9GillesCharlier-Arborescence-0-40-768x512.jpg 768w, https:\/\/arborescence-design.com\/wp-content\/uploads\/2020\/10\/A\u00a9GillesCharlier-Arborescence-0-40-1536x1024.jpg 1536w, https:\/\/arborescence-design.com\/wp-content\/uploads\/2020\/10\/A\u00a9GillesCharlier-Arborescence-0-40-2048x1365.jpg 2048w, https:\/\/arborescence-design.com\/wp-content\/uploads\/2020\/10\/A\u00a9GillesCharlier-Arborescence-0-40-272x182.jpg 272w\" sizes=\"auto, (max-width: 525px) 100vw, 525px\" \/><\/p>\n<\/div>\n<\/div>\n<\/div><\/div><div id=\"panel-205-0-1-2\" class=\"so-panel widget widget_sow-editor panel-last-child\" data-index=\"5\" ><div\n\t\t\t\n\t\t\tclass=\"so-widget-sow-editor so-widget-sow-editor-base\"\n\t\t\t\n\t\t>\n<div class=\"siteorigin-widget-tinymce textwidget\">\n\t<div class=\"eds-animate edsanimate-sis-hidden \" data-eds-entry-animation=\"fadeIn\" data-eds-entry-delay=\"0.5\" data-eds-entry-duration=\"1\" data-eds-entry-timing=\"linear\" data-eds-exit-animation=\"\" data-eds-exit-delay=\"\" data-eds-exit-duration=\"\" data-eds-exit-timing=\"\" data-eds-repeat-count=\"1\" data-eds-keep=\"yes\" data-eds-animate-on=\"load\" data-eds-scroll-offset=\"\">\n<p><img loading=\"lazy\" decoding=\"async\" src=\"http:\/\/arborescence-design.com\/wp-content\/uploads\/2020\/10\/A\u00a9GillesCharlier-Arborescence-0-37-683x1024.jpg\" alt=\"\" width=\"525\" height=\"787\" class=\"alignnone size-large wp-image-642\" srcset=\"https:\/\/arborescence-design.com\/wp-content\/uploads\/2020\/10\/A\u00a9GillesCharlier-Arborescence-0-37-683x1024.jpg 683w, https:\/\/arborescence-design.com\/wp-content\/uploads\/2020\/10\/A\u00a9GillesCharlier-Arborescence-0-37-200x300.jpg 200w, https:\/\/arborescence-design.com\/wp-content\/uploads\/2020\/10\/A\u00a9GillesCharlier-Arborescence-0-37-768x1152.jpg 768w, https:\/\/arborescence-design.com\/wp-content\/uploads\/2020\/10\/A\u00a9GillesCharlier-Arborescence-0-37-1024x1536.jpg 1024w, https:\/\/arborescence-design.com\/wp-content\/uploads\/2020\/10\/A\u00a9GillesCharlier-Arborescence-0-37-1365x2048.jpg 1365w, https:\/\/arborescence-design.com\/wp-content\/uploads\/2020\/10\/A\u00a9GillesCharlier-Arborescence-0-37-scaled.jpg 1707w\" sizes=\"auto, (max-width: 525px) 100vw, 525px\" \/><\/p>\n<\/div>\n<\/div>\n<\/div><\/div><\/div><\/div><div id=\"pg-205-1\"  class=\"panel-grid panel-no-style\" ><div id=\"pgc-205-1-0\"  class=\"panel-grid-cell panel-grid-cell-empty\" ><\/div><div id=\"pgc-205-1-1\"  class=\"panel-grid-cell panel-grid-cell-mobile-last\" ><div id=\"panel-205-1-1-0\" class=\"so-panel widget widget_sow-editor panel-first-child panel-last-child\" data-index=\"6\" ><div\n\t\t\t\n\t\t\tclass=\"so-widget-sow-editor so-widget-sow-editor-base\"\n\t\t\t\n\t\t>\n<div class=\"siteorigin-widget-tinymce textwidget\">\n\t<div class=\"eds-animate edsanimate-sis-hidden \" data-eds-entry-animation=\"fadeIn\" data-eds-entry-delay=\"0.5\" data-eds-entry-duration=\"1\" data-eds-entry-timing=\"linear\" data-eds-exit-animation=\"\" data-eds-exit-delay=\"\" data-eds-exit-duration=\"\" data-eds-exit-timing=\"\" data-eds-repeat-count=\"1\" data-eds-keep=\"yes\" data-eds-animate-on=\"load\" data-eds-scroll-offset=\"\">\n<div class=\"citation\"> <strong> Pi\u00e8ce unique <\/strong><\/div>\n<div class=\"citation\"> <strong> Prix de la collection sur devis <\/strong><\/div>\n<div class=\"citation\"><strong> H: <\/strong> 1 130 mm. <strong>  \u00d8: <\/strong> 1 500 mm.<\/div>\n<div class=\"variante\"> Chaque dimension varie en fonction de la taille du tronc <\/div>\n<\/div>\n<\/div>\n<\/div><\/div><\/div><div id=\"pgc-205-1-2\"  class=\"panel-grid-cell panel-grid-cell-empty\" ><\/div><\/div><\/div>","protected":false},"excerpt":{"rendered":"<p>Pi\u00e8ce unique Prix de la collection sur devis H: 1 130 mm. \u00d8: 1 500 mm. Chaque dimension varie en fonction de la taille du tronc<\/p>\n","protected":false},"author":2,"featured_media":0,"parent":35,"menu_order":0,"comment_status":"closed","ping_status":"closed","template":"galerie-page.php","meta":{"footnotes":""},"class_list":["post-205","page","type-page","status-publish","hentry"],"yoast_head":"<!-- This site is optimized with the Yoast SEO plugin v26.4 - https:\/\/yoast.com\/wordpress\/plugins\/seo\/ -->\n<title>Collection compl\u00e8te des cr\u00e9ations d&#039;Aborescence Design - Vibration<\/title>\n<meta name=\"description\" content=\"Collection compl\u00e8te des cr\u00e9ations d&#039;Aborescence Design - Vibration. R\u00e9alisation \u00e0 partir de bois d&#039;Acacia, de verre tremp\u00e9 et d&#039;acier brut\" \/>\n<meta name=\"robots\" content=\"index, follow, max-snippet:-1, max-image-preview:large, max-video-preview:-1\" \/>\n<link rel=\"canonical\" href=\"https:\/\/arborescence-design.com\/index.php\/la-collection\/vibration-galerie\/\" \/>\n<meta property=\"og:locale\" content=\"fr_FR\" \/>\n<meta property=\"og:type\" content=\"article\" \/>\n<meta property=\"og:title\" content=\"Collection compl\u00e8te des cr\u00e9ations d&#039;Aborescence Design - Vibration\" \/>\n<meta property=\"og:description\" content=\"Collection compl\u00e8te des cr\u00e9ations d&#039;Aborescence Design - Vibration. R\u00e9alisation \u00e0 partir de bois d&#039;Acacia, de verre tremp\u00e9 et d&#039;acier brut\" \/>\n<meta property=\"og:url\" content=\"https:\/\/arborescence-design.com\/index.php\/la-collection\/vibration-galerie\/\" \/>\n<meta property=\"og:site_name\" content=\"Arborescence Design\" \/>\n<meta property=\"article:modified_time\" content=\"2021-01-20T13:15:17+00:00\" \/>\n<meta property=\"og:image\" content=\"http:\/\/arborescence-design.com\/wp-content\/uploads\/2020\/10\/A\u00a9GillesCharlier-Arborescence-0-31-1024x683.jpg\" \/>\n<meta name=\"twitter:card\" content=\"summary_large_image\" \/>\n<meta name=\"twitter:label1\" content=\"Dur\u00e9e de lecture estim\u00e9e\" \/>\n\t<meta name=\"twitter:data1\" content=\"1 minute\" \/>\n<script type=\"application\/ld+json\" class=\"yoast-schema-graph\">{\"@context\":\"https:\/\/schema.org\",\"@graph\":[{\"@type\":\"WebPage\",\"@id\":\"https:\/\/arborescence-design.com\/index.php\/la-collection\/vibration-galerie\/\",\"url\":\"https:\/\/arborescence-design.com\/index.php\/la-collection\/vibration-galerie\/\",\"name\":\"Collection compl\u00e8te des cr\u00e9ations d'Aborescence Design - Vibration\",\"isPartOf\":{\"@id\":\"https:\/\/arborescence-design.com\/#website\"},\"datePublished\":\"2018-09-19T12:10:49+00:00\",\"dateModified\":\"2021-01-20T13:15:17+00:00\",\"description\":\"Collection compl\u00e8te des cr\u00e9ations d'Aborescence Design - Vibration. R\u00e9alisation \u00e0 partir de bois d'Acacia, de verre tremp\u00e9 et d'acier brut\",\"breadcrumb\":{\"@id\":\"https:\/\/arborescence-design.com\/index.php\/la-collection\/vibration-galerie\/#breadcrumb\"},\"inLanguage\":\"fr-FR\",\"potentialAction\":[{\"@type\":\"ReadAction\",\"target\":[\"https:\/\/arborescence-design.com\/index.php\/la-collection\/vibration-galerie\/\"]}]},{\"@type\":\"BreadcrumbList\",\"@id\":\"https:\/\/arborescence-design.com\/index.php\/la-collection\/vibration-galerie\/#breadcrumb\",\"itemListElement\":[{\"@type\":\"ListItem\",\"position\":1,\"name\":\"Accueil\",\"item\":\"https:\/\/arborescence-design.com\/\"},{\"@type\":\"ListItem\",\"position\":2,\"name\":\"Collection\",\"item\":\"https:\/\/arborescence-design.com\/index.php\/la-collection\/\"},{\"@type\":\"ListItem\",\"position\":3,\"name\":\"Table haute &#8220;vibration&#8221;\"}]},{\"@type\":\"WebSite\",\"@id\":\"https:\/\/arborescence-design.com\/#website\",\"url\":\"https:\/\/arborescence-design.com\/\",\"name\":\"Arborescence Design\",\"description\":\"\",\"publisher\":{\"@id\":\"https:\/\/arborescence-design.com\/#organization\"},\"potentialAction\":[{\"@type\":\"SearchAction\",\"target\":{\"@type\":\"EntryPoint\",\"urlTemplate\":\"https:\/\/arborescence-design.com\/?s={search_term_string}\"},\"query-input\":{\"@type\":\"PropertyValueSpecification\",\"valueRequired\":true,\"valueName\":\"search_term_string\"}}],\"inLanguage\":\"fr-FR\"},{\"@type\":\"Organization\",\"@id\":\"https:\/\/arborescence-design.com\/#organization\",\"name\":\"Arborescence Design\",\"url\":\"https:\/\/arborescence-design.com\/\",\"logo\":{\"@type\":\"ImageObject\",\"inLanguage\":\"fr-FR\",\"@id\":\"https:\/\/arborescence-design.com\/#\/schema\/logo\/image\/\",\"url\":\"https:\/\/arborescence-design.com\/wp-content\/uploads\/2017\/09\/cropped-JPC_carre_matiere-1-e1504520823984.jpg\",\"contentUrl\":\"https:\/\/arborescence-design.com\/wp-content\/uploads\/2017\/09\/cropped-JPC_carre_matiere-1-e1504520823984.jpg\",\"width\":246,\"height\":250,\"caption\":\"Arborescence Design\"},\"image\":{\"@id\":\"https:\/\/arborescence-design.com\/#\/schema\/logo\/image\/\"}}]}<\/script>\n<!-- \/ Yoast SEO plugin. -->","yoast_head_json":{"title":"Collection compl\u00e8te des cr\u00e9ations d'Aborescence Design - Vibration","description":"Collection compl\u00e8te des cr\u00e9ations d'Aborescence Design - Vibration. R\u00e9alisation \u00e0 partir de bois d'Acacia, de verre tremp\u00e9 et d'acier brut","robots":{"index":"index","follow":"follow","max-snippet":"max-snippet:-1","max-image-preview":"max-image-preview:large","max-video-preview":"max-video-preview:-1"},"canonical":"https:\/\/arborescence-design.com\/index.php\/la-collection\/vibration-galerie\/","og_locale":"fr_FR","og_type":"article","og_title":"Collection compl\u00e8te des cr\u00e9ations d'Aborescence Design - Vibration","og_description":"Collection compl\u00e8te des cr\u00e9ations d'Aborescence Design - Vibration. R\u00e9alisation \u00e0 partir de bois d'Acacia, de verre tremp\u00e9 et d'acier brut","og_url":"https:\/\/arborescence-design.com\/index.php\/la-collection\/vibration-galerie\/","og_site_name":"Arborescence Design","article_modified_time":"2021-01-20T13:15:17+00:00","og_image":[{"url":"http:\/\/arborescence-design.com\/wp-content\/uploads\/2020\/10\/A\u00a9GillesCharlier-Arborescence-0-31-1024x683.jpg","type":"","width":"","height":""}],"twitter_card":"summary_large_image","twitter_misc":{"Dur\u00e9e de lecture estim\u00e9e":"1 minute"},"schema":{"@context":"https:\/\/schema.org","@graph":[{"@type":"WebPage","@id":"https:\/\/arborescence-design.com\/index.php\/la-collection\/vibration-galerie\/","url":"https:\/\/arborescence-design.com\/index.php\/la-collection\/vibration-galerie\/","name":"Collection compl\u00e8te des cr\u00e9ations d'Aborescence Design - Vibration","isPartOf":{"@id":"https:\/\/arborescence-design.com\/#website"},"datePublished":"2018-09-19T12:10:49+00:00","dateModified":"2021-01-20T13:15:17+00:00","description":"Collection compl\u00e8te des cr\u00e9ations d'Aborescence Design - Vibration. R\u00e9alisation \u00e0 partir de bois d'Acacia, de verre tremp\u00e9 et d'acier brut","breadcrumb":{"@id":"https:\/\/arborescence-design.com\/index.php\/la-collection\/vibration-galerie\/#breadcrumb"},"inLanguage":"fr-FR","potentialAction":[{"@type":"ReadAction","target":["https:\/\/arborescence-design.com\/index.php\/la-collection\/vibration-galerie\/"]}]},{"@type":"BreadcrumbList","@id":"https:\/\/arborescence-design.com\/index.php\/la-collection\/vibration-galerie\/#breadcrumb","itemListElement":[{"@type":"ListItem","position":1,"name":"Accueil","item":"https:\/\/arborescence-design.com\/"},{"@type":"ListItem","position":2,"name":"Collection","item":"https:\/\/arborescence-design.com\/index.php\/la-collection\/"},{"@type":"ListItem","position":3,"name":"Table haute &#8220;vibration&#8221;"}]},{"@type":"WebSite","@id":"https:\/\/arborescence-design.com\/#website","url":"https:\/\/arborescence-design.com\/","name":"Arborescence Design","description":"","publisher":{"@id":"https:\/\/arborescence-design.com\/#organization"},"potentialAction":[{"@type":"SearchAction","target":{"@type":"EntryPoint","urlTemplate":"https:\/\/arborescence-design.com\/?s={search_term_string}"},"query-input":{"@type":"PropertyValueSpecification","valueRequired":true,"valueName":"search_term_string"}}],"inLanguage":"fr-FR"},{"@type":"Organization","@id":"https:\/\/arborescence-design.com\/#organization","name":"Arborescence Design","url":"https:\/\/arborescence-design.com\/","logo":{"@type":"ImageObject","inLanguage":"fr-FR","@id":"https:\/\/arborescence-design.com\/#\/schema\/logo\/image\/","url":"https:\/\/arborescence-design.com\/wp-content\/uploads\/2017\/09\/cropped-JPC_carre_matiere-1-e1504520823984.jpg","contentUrl":"https:\/\/arborescence-design.com\/wp-content\/uploads\/2017\/09\/cropped-JPC_carre_matiere-1-e1504520823984.jpg","width":246,"height":250,"caption":"Arborescence Design"},"image":{"@id":"https:\/\/arborescence-design.com\/#\/schema\/logo\/image\/"}}]}},"_links":{"self":[{"href":"https:\/\/arborescence-design.com\/index.php\/wp-json\/wp\/v2\/pages\/205","targetHints":{"allow":["GET"]}}],"collection":[{"href":"https:\/\/arborescence-design.com\/index.php\/wp-json\/wp\/v2\/pages"}],"about":[{"href":"https:\/\/arborescence-design.com\/index.php\/wp-json\/wp\/v2\/types\/page"}],"author":[{"embeddable":true,"href":"https:\/\/arborescence-design.com\/index.php\/wp-json\/wp\/v2\/users\/2"}],"replies":[{"embeddable":true,"href":"https:\/\/arborescence-design.com\/index.php\/wp-json\/wp\/v2\/comments?post=205"}],"version-history":[{"count":38,"href":"https:\/\/arborescence-design.com\/index.php\/wp-json\/wp\/v2\/pages\/205\/revisions"}],"predecessor-version":[{"id":764,"href":"https:\/\/arborescence-design.com\/index.php\/wp-json\/wp\/v2\/pages\/205\/revisions\/764"}],"up":[{"embeddable":true,"href":"https:\/\/arborescence-design.com\/index.php\/wp-json\/wp\/v2\/pages\/35"}],"wp:attachment":[{"href":"https:\/\/arborescence-design.com\/index.php\/wp-json\/wp\/v2\/media?parent=205"}],"curies":[{"name":"wp","href":"https:\/\/api.w.org\/{rel}","templated":true}]}}