{"id":41,"date":"2017-09-07T12:51:34","date_gmt":"2017-09-07T10:51:34","guid":{"rendered":"http:\/\/arborescence-design.com\/?page_id=41"},"modified":"2021-06-16T16:34:13","modified_gmt":"2021-06-16T14:34:13","slug":"contact","status":"publish","type":"page","link":"https:\/\/arborescence-design.com\/index.php\/contact\/","title":{"rendered":"Contact"},"content":{"rendered":"<div id=\"pl-41\"  class=\"panel-layout\" ><div id=\"pg-41-0\"  class=\"panel-grid panel-no-style\" ><div id=\"pgc-41-0-0\"  class=\"panel-grid-cell\" ><div id=\"panel-41-0-0-0\" class=\"so-panel widget widget_sow-editor panel-first-child panel-last-child\" data-index=\"0\" ><div\n\t\t\t\n\t\t\tclass=\"so-widget-sow-editor so-widget-sow-editor-base\"\n\t\t\t\n\t\t>\n<div class=\"siteorigin-widget-tinymce textwidget\">\n\t<div class=\"eds-animate edsanimate-sis-hidden \" data-eds-entry-animation=\"fadeIn\" data-eds-entry-delay=\"0,5\" data-eds-entry-duration=\"2\" data-eds-entry-timing=\"linear\" data-eds-exit-animation=\"\" data-eds-exit-delay=\"\" data-eds-exit-duration=\"\" data-eds-exit-timing=\"\" data-eds-repeat-count=\"1\" data-eds-keep=\"yes\" data-eds-animate-on=\"load\" data-eds-scroll-offset=\"\">\n<p><img loading=\"lazy\" decoding=\"async\" src=\"http:\/\/arborescence-design.com\/wp-content\/uploads\/2019\/01\/\u00c2\u00a9GillesCharlier-JP-0-9-683x1024.jpg\" alt=\"\" width=\"525\" height=\"787\" class=\"alignnone size-large wp-image-508\" srcset=\"https:\/\/arborescence-design.com\/wp-content\/uploads\/2019\/01\/\u00c2\u00a9GillesCharlier-JP-0-9-683x1024.jpg 683w, https:\/\/arborescence-design.com\/wp-content\/uploads\/2019\/01\/\u00c2\u00a9GillesCharlier-JP-0-9-200x300.jpg 200w, https:\/\/arborescence-design.com\/wp-content\/uploads\/2019\/01\/\u00c2\u00a9GillesCharlier-JP-0-9-768x1152.jpg 768w\" sizes=\"auto, (max-width: 525px) 100vw, 525px\" \/><\/p>\n<\/div>\n<\/div>\n<\/div><\/div><\/div><div id=\"pgc-41-0-1\"  class=\"panel-grid-cell\" ><div id=\"panel-41-0-1-0\" class=\"so-panel widget widget_sow-editor panel-first-child panel-last-child\" data-index=\"1\" ><div\n\t\t\t\n\t\t\tclass=\"so-widget-sow-editor so-widget-sow-editor-base\"\n\t\t\t\n\t\t>\n<div class=\"siteorigin-widget-tinymce textwidget\">\n\t\n<div class=\"wpcf7 no-js\" id=\"wpcf7-f563-o1\" lang=\"fr-FR\" dir=\"ltr\" data-wpcf7-id=\"563\">\n<div class=\"screen-reader-response\"><p role=\"status\" aria-live=\"polite\" aria-atomic=\"true\"><\/p> <ul><\/ul><\/div>\n<form action=\"\/index.php\/wp-json\/wp\/v2\/pages\/41#wpcf7-f563-o1\" method=\"post\" class=\"wpcf7-form init\" aria-label=\"Formulaire de contact\" novalidate=\"novalidate\" data-status=\"init\">\n<fieldset class=\"hidden-fields-container\"><input type=\"hidden\" name=\"_wpcf7\" value=\"563\" \/><input type=\"hidden\" name=\"_wpcf7_version\" value=\"6.1.3\" \/><input type=\"hidden\" name=\"_wpcf7_locale\" value=\"fr_FR\" \/><input type=\"hidden\" name=\"_wpcf7_unit_tag\" value=\"wpcf7-f563-o1\" \/><input type=\"hidden\" name=\"_wpcf7_container_post\" value=\"0\" \/><input type=\"hidden\" name=\"_wpcf7_posted_data_hash\" value=\"\" \/>\n<\/fieldset>\n<p><label> Votre nom (obligatoire)<br \/>\n<span class=\"wpcf7-form-control-wrap\" data-name=\"your-name\"><input size=\"40\" maxlength=\"400\" class=\"wpcf7-form-control wpcf7-text wpcf7-validates-as-required\" aria-required=\"true\" aria-invalid=\"false\" value=\"\" type=\"text\" name=\"your-name\" \/><\/span> <\/label>\n<\/p>\n<p><label> Votre adresse de messagerie (obligatoire)<br \/>\n<span class=\"wpcf7-form-control-wrap\" data-name=\"your-email\"><input size=\"40\" maxlength=\"400\" class=\"wpcf7-form-control wpcf7-email wpcf7-validates-as-required wpcf7-text wpcf7-validates-as-email\" aria-required=\"true\" aria-invalid=\"false\" value=\"\" type=\"email\" name=\"your-email\" \/><\/span> <\/label>\n<\/p>\n<p><label> Votre message<br \/>\n<span class=\"wpcf7-form-control-wrap\" data-name=\"your-message\"><textarea cols=\"40\" rows=\"10\" maxlength=\"2000\" class=\"wpcf7-form-control wpcf7-textarea\" aria-invalid=\"false\" name=\"your-message\"><\/textarea><\/span> <\/label>\n<\/p>\n<p><input class=\"wpcf7-form-control wpcf7-submit has-spinner\" type=\"submit\" value=\"Envoyer\" \/>\n<\/p><div class=\"wpcf7-response-output\" aria-hidden=\"true\"><\/div>\n<\/form>\n<\/div>\n\n<p>Politique de confidentialit\u00e9 : Les donn\u00e9es personnelles (nom et adresse mail) que vous introduisez en envoyant ce message, sont seulement utilis\u00e9es pour r\u00e9pondre \u00e0 votre question. )<\/p>\n<\/div>\n<\/div><\/div><\/div><div id=\"pgc-41-0-2\"  class=\"panel-grid-cell\" ><div id=\"panel-41-0-2-0\" class=\"so-panel widget widget_sow-editor panel-first-child panel-last-child\" data-index=\"2\" ><div\n\t\t\t\n\t\t\tclass=\"so-widget-sow-editor so-widget-sow-editor-base\"\n\t\t\t\n\t\t>\n<div class=\"siteorigin-widget-tinymce textwidget\">\n\t<div class=\"eds-animate edsanimate-sis-hidden \" data-eds-entry-animation=\"fadeIn\" data-eds-entry-delay=\"0,5\" data-eds-entry-duration=\"2\" data-eds-entry-timing=\"linear\" data-eds-exit-animation=\"\" data-eds-exit-delay=\"\" data-eds-exit-duration=\"\" data-eds-exit-timing=\"\" data-eds-repeat-count=\"1\" data-eds-keep=\"yes\" data-eds-animate-on=\"load\" data-eds-scroll-offset=\"\">\n<p><img loading=\"lazy\" decoding=\"async\" src=\"http:\/\/arborescence-design.com\/wp-content\/uploads\/2020\/10\/JPC_carre_noir-1024x799.jpg\" alt=\"\" width=\"525\" height=\"410\" class=\"alignnone size-large wp-image-712\" srcset=\"https:\/\/arborescence-design.com\/wp-content\/uploads\/2020\/10\/JPC_carre_noir-1024x799.jpg 1024w, https:\/\/arborescence-design.com\/wp-content\/uploads\/2020\/10\/JPC_carre_noir-300x234.jpg 300w, https:\/\/arborescence-design.com\/wp-content\/uploads\/2020\/10\/JPC_carre_noir-768x599.jpg 768w, https:\/\/arborescence-design.com\/wp-content\/uploads\/2020\/10\/JPC_carre_noir-1536x1199.jpg 1536w, https:\/\/arborescence-design.com\/wp-content\/uploads\/2020\/10\/JPC_carre_noir-2048x1598.jpg 2048w\" sizes=\"auto, (max-width: 525px) 100vw, 525px\" \/><\/p>\n<div class=\"contact\">\nJean-Pierre Cuny<br \/>\n+33 6 64 14 66 77 (France)<br \/>\ncontact@arborescence-design.com<br \/>\n<a href=\"https:\/\/www.instagram.com\/arborescence_design_\/\" target=\"_blank\" rel=\"noopener noreferrer\"> Instagram : <\/a>  @arborescence_design_\n<\/div>\n<\/div>\n<\/div>\n<\/div><\/div><\/div><\/div><\/div>","protected":false},"excerpt":{"rendered":"<p>Politique de confidentialit\u00e9 : Les donn\u00e9es personnelles (nom et adresse mail) que vous introduisez en envoyant ce message, sont seulement utilis\u00e9es pour r\u00e9pondre \u00e0 votre question. ) Jean-Pierre Cuny +33 6 64 14 66 77 (France) contact@arborescence-design.com Instagram : @arborescence_design_<\/p>\n","protected":false},"author":2,"featured_media":0,"parent":0,"menu_order":0,"comment_status":"closed","ping_status":"closed","template":"contact-page.php","meta":{"footnotes":""},"class_list":["post-41","page","type-page","status-publish","hentry"],"yoast_head":"<!-- This site is optimized with the Yoast SEO plugin v26.4 - https:\/\/yoast.com\/wordpress\/plugins\/seo\/ -->\n<title>Contact d&#039;Arborescence Design - Demande de devis<\/title>\n<meta name=\"description\" content=\"Contact d&#039;Arborescence Design - Demande de devis. Compl\u00e9tez le formulaire ou envoyez-moi un email pour avoir plus de d\u00e9tails\" \/>\n<meta name=\"robots\" content=\"index, follow, max-snippet:-1, max-image-preview:large, max-video-preview:-1\" \/>\n<link rel=\"canonical\" href=\"https:\/\/arborescence-design.com\/index.php\/contact\/\" \/>\n<meta property=\"og:locale\" content=\"fr_FR\" \/>\n<meta property=\"og:type\" content=\"article\" \/>\n<meta property=\"og:title\" content=\"Contact d&#039;Arborescence Design - Demande de devis\" \/>\n<meta property=\"og:description\" content=\"Contact d&#039;Arborescence Design - Demande de devis. Compl\u00e9tez le formulaire ou envoyez-moi un email pour avoir plus de d\u00e9tails\" \/>\n<meta property=\"og:url\" content=\"https:\/\/arborescence-design.com\/index.php\/contact\/\" \/>\n<meta property=\"og:site_name\" content=\"Arborescence Design\" \/>\n<meta property=\"article:modified_time\" content=\"2021-06-16T14:34:13+00:00\" \/>\n<meta property=\"og:image\" content=\"http:\/\/arborescence-design.com\/wp-content\/uploads\/2019\/01\/\u00c2\u00a9GillesCharlier-JP-0-9-683x1024.jpg\" \/>\n<meta name=\"twitter:card\" content=\"summary_large_image\" \/>\n<meta name=\"twitter:label1\" content=\"Dur\u00e9e de lecture estim\u00e9e\" \/>\n\t<meta name=\"twitter:data1\" content=\"1 minute\" \/>\n<script type=\"application\/ld+json\" class=\"yoast-schema-graph\">{\"@context\":\"https:\/\/schema.org\",\"@graph\":[{\"@type\":\"WebPage\",\"@id\":\"https:\/\/arborescence-design.com\/index.php\/contact\/\",\"url\":\"https:\/\/arborescence-design.com\/index.php\/contact\/\",\"name\":\"Contact d'Arborescence Design - Demande de devis\",\"isPartOf\":{\"@id\":\"https:\/\/arborescence-design.com\/#website\"},\"primaryImageOfPage\":{\"@id\":\"https:\/\/arborescence-design.com\/index.php\/contact\/#primaryimage\"},\"image\":{\"@id\":\"https:\/\/arborescence-design.com\/index.php\/contact\/#primaryimage\"},\"thumbnailUrl\":\"http:\/\/arborescence-design.com\/wp-content\/uploads\/2020\/10\/JPC_carre_noir-1024x799.jpg\",\"datePublished\":\"2017-09-07T10:51:34+00:00\",\"dateModified\":\"2021-06-16T14:34:13+00:00\",\"description\":\"Contact d'Arborescence Design - Demande de devis. Compl\u00e9tez le formulaire ou envoyez-moi un email pour avoir plus de d\u00e9tails\",\"breadcrumb\":{\"@id\":\"https:\/\/arborescence-design.com\/index.php\/contact\/#breadcrumb\"},\"inLanguage\":\"fr-FR\",\"potentialAction\":[{\"@type\":\"ReadAction\",\"target\":[\"https:\/\/arborescence-design.com\/index.php\/contact\/\"]}]},{\"@type\":\"ImageObject\",\"inLanguage\":\"fr-FR\",\"@id\":\"https:\/\/arborescence-design.com\/index.php\/contact\/#primaryimage\",\"url\":\"http:\/\/arborescence-design.com\/wp-content\/uploads\/2020\/10\/JPC_carre_noir-1024x799.jpg\",\"contentUrl\":\"http:\/\/arborescence-design.com\/wp-content\/uploads\/2020\/10\/JPC_carre_noir-1024x799.jpg\"},{\"@type\":\"BreadcrumbList\",\"@id\":\"https:\/\/arborescence-design.com\/index.php\/contact\/#breadcrumb\",\"itemListElement\":[{\"@type\":\"ListItem\",\"position\":1,\"name\":\"Accueil\",\"item\":\"https:\/\/arborescence-design.com\/\"},{\"@type\":\"ListItem\",\"position\":2,\"name\":\"Contact\"}]},{\"@type\":\"WebSite\",\"@id\":\"https:\/\/arborescence-design.com\/#website\",\"url\":\"https:\/\/arborescence-design.com\/\",\"name\":\"Arborescence Design\",\"description\":\"\",\"publisher\":{\"@id\":\"https:\/\/arborescence-design.com\/#organization\"},\"potentialAction\":[{\"@type\":\"SearchAction\",\"target\":{\"@type\":\"EntryPoint\",\"urlTemplate\":\"https:\/\/arborescence-design.com\/?s={search_term_string}\"},\"query-input\":{\"@type\":\"PropertyValueSpecification\",\"valueRequired\":true,\"valueName\":\"search_term_string\"}}],\"inLanguage\":\"fr-FR\"},{\"@type\":\"Organization\",\"@id\":\"https:\/\/arborescence-design.com\/#organization\",\"name\":\"Arborescence Design\",\"url\":\"https:\/\/arborescence-design.com\/\",\"logo\":{\"@type\":\"ImageObject\",\"inLanguage\":\"fr-FR\",\"@id\":\"https:\/\/arborescence-design.com\/#\/schema\/logo\/image\/\",\"url\":\"https:\/\/arborescence-design.com\/wp-content\/uploads\/2017\/09\/cropped-JPC_carre_matiere-1-e1504520823984.jpg\",\"contentUrl\":\"https:\/\/arborescence-design.com\/wp-content\/uploads\/2017\/09\/cropped-JPC_carre_matiere-1-e1504520823984.jpg\",\"width\":246,\"height\":250,\"caption\":\"Arborescence Design\"},\"image\":{\"@id\":\"https:\/\/arborescence-design.com\/#\/schema\/logo\/image\/\"}}]}<\/script>\n<!-- \/ Yoast SEO plugin. -->","yoast_head_json":{"title":"Contact d'Arborescence Design - Demande de devis","description":"Contact d'Arborescence Design - Demande de devis. Compl\u00e9tez le formulaire ou envoyez-moi un email pour avoir plus de d\u00e9tails","robots":{"index":"index","follow":"follow","max-snippet":"max-snippet:-1","max-image-preview":"max-image-preview:large","max-video-preview":"max-video-preview:-1"},"canonical":"https:\/\/arborescence-design.com\/index.php\/contact\/","og_locale":"fr_FR","og_type":"article","og_title":"Contact d'Arborescence Design - Demande de devis","og_description":"Contact d'Arborescence Design - Demande de devis. Compl\u00e9tez le formulaire ou envoyez-moi un email pour avoir plus de d\u00e9tails","og_url":"https:\/\/arborescence-design.com\/index.php\/contact\/","og_site_name":"Arborescence Design","article_modified_time":"2021-06-16T14:34:13+00:00","og_image":[{"url":"http:\/\/arborescence-design.com\/wp-content\/uploads\/2019\/01\/\u00c2\u00a9GillesCharlier-JP-0-9-683x1024.jpg","type":"","width":"","height":""}],"twitter_card":"summary_large_image","twitter_misc":{"Dur\u00e9e de lecture estim\u00e9e":"1 minute"},"schema":{"@context":"https:\/\/schema.org","@graph":[{"@type":"WebPage","@id":"https:\/\/arborescence-design.com\/index.php\/contact\/","url":"https:\/\/arborescence-design.com\/index.php\/contact\/","name":"Contact d'Arborescence Design - Demande de devis","isPartOf":{"@id":"https:\/\/arborescence-design.com\/#website"},"primaryImageOfPage":{"@id":"https:\/\/arborescence-design.com\/index.php\/contact\/#primaryimage"},"image":{"@id":"https:\/\/arborescence-design.com\/index.php\/contact\/#primaryimage"},"thumbnailUrl":"http:\/\/arborescence-design.com\/wp-content\/uploads\/2020\/10\/JPC_carre_noir-1024x799.jpg","datePublished":"2017-09-07T10:51:34+00:00","dateModified":"2021-06-16T14:34:13+00:00","description":"Contact d'Arborescence Design - Demande de devis. Compl\u00e9tez le formulaire ou envoyez-moi un email pour avoir plus de d\u00e9tails","breadcrumb":{"@id":"https:\/\/arborescence-design.com\/index.php\/contact\/#breadcrumb"},"inLanguage":"fr-FR","potentialAction":[{"@type":"ReadAction","target":["https:\/\/arborescence-design.com\/index.php\/contact\/"]}]},{"@type":"ImageObject","inLanguage":"fr-FR","@id":"https:\/\/arborescence-design.com\/index.php\/contact\/#primaryimage","url":"http:\/\/arborescence-design.com\/wp-content\/uploads\/2020\/10\/JPC_carre_noir-1024x799.jpg","contentUrl":"http:\/\/arborescence-design.com\/wp-content\/uploads\/2020\/10\/JPC_carre_noir-1024x799.jpg"},{"@type":"BreadcrumbList","@id":"https:\/\/arborescence-design.com\/index.php\/contact\/#breadcrumb","itemListElement":[{"@type":"ListItem","position":1,"name":"Accueil","item":"https:\/\/arborescence-design.com\/"},{"@type":"ListItem","position":2,"name":"Contact"}]},{"@type":"WebSite","@id":"https:\/\/arborescence-design.com\/#website","url":"https:\/\/arborescence-design.com\/","name":"Arborescence Design","description":"","publisher":{"@id":"https:\/\/arborescence-design.com\/#organization"},"potentialAction":[{"@type":"SearchAction","target":{"@type":"EntryPoint","urlTemplate":"https:\/\/arborescence-design.com\/?s={search_term_string}"},"query-input":{"@type":"PropertyValueSpecification","valueRequired":true,"valueName":"search_term_string"}}],"inLanguage":"fr-FR"},{"@type":"Organization","@id":"https:\/\/arborescence-design.com\/#organization","name":"Arborescence Design","url":"https:\/\/arborescence-design.com\/","logo":{"@type":"ImageObject","inLanguage":"fr-FR","@id":"https:\/\/arborescence-design.com\/#\/schema\/logo\/image\/","url":"https:\/\/arborescence-design.com\/wp-content\/uploads\/2017\/09\/cropped-JPC_carre_matiere-1-e1504520823984.jpg","contentUrl":"https:\/\/arborescence-design.com\/wp-content\/uploads\/2017\/09\/cropped-JPC_carre_matiere-1-e1504520823984.jpg","width":246,"height":250,"caption":"Arborescence Design"},"image":{"@id":"https:\/\/arborescence-design.com\/#\/schema\/logo\/image\/"}}]}},"_links":{"self":[{"href":"https:\/\/arborescence-design.com\/index.php\/wp-json\/wp\/v2\/pages\/41","targetHints":{"allow":["GET"]}}],"collection":[{"href":"https:\/\/arborescence-design.com\/index.php\/wp-json\/wp\/v2\/pages"}],"about":[{"href":"https:\/\/arborescence-design.com\/index.php\/wp-json\/wp\/v2\/types\/page"}],"author":[{"embeddable":true,"href":"https:\/\/arborescence-design.com\/index.php\/wp-json\/wp\/v2\/users\/2"}],"replies":[{"embeddable":true,"href":"https:\/\/arborescence-design.com\/index.php\/wp-json\/wp\/v2\/comments?post=41"}],"version-history":[{"count":82,"href":"https:\/\/arborescence-design.com\/index.php\/wp-json\/wp\/v2\/pages\/41\/revisions"}],"predecessor-version":[{"id":808,"href":"https:\/\/arborescence-design.com\/index.php\/wp-json\/wp\/v2\/pages\/41\/revisions\/808"}],"wp:attachment":[{"href":"https:\/\/arborescence-design.com\/index.php\/wp-json\/wp\/v2\/media?parent=41"}],"curies":[{"name":"wp","href":"https:\/\/api.w.org\/{rel}","templated":true}]}}