{"id":749,"date":"2021-01-20T13:51:48","date_gmt":"2021-01-20T12:51:48","guid":{"rendered":"http:\/\/arborescence-design.com\/?page_id=749"},"modified":"2021-01-20T14:09:36","modified_gmt":"2021-01-20T13:09:36","slug":"sculpture-assise-mineral","status":"publish","type":"page","link":"https:\/\/arborescence-design.com\/index.php\/la-collection\/sculpture-assise-mineral\/","title":{"rendered":"Sculpture\/assise \u00ab\u00a0Min\u00e9ral\u00a0\u00bb"},"content":{"rendered":"<div id=\"pl-gb749-69e219cfdb1eb\"  class=\"panel-layout\" ><div id=\"pg-gb749-69e219cfdb1eb-0\"  class=\"panel-grid panel-no-style\" ><div id=\"pgc-gb749-69e219cfdb1eb-0-0\"  class=\"panel-grid-cell\" ><div id=\"panel-gb749-69e219cfdb1eb-0-0-0\" class=\"so-panel widget widget_sow-editor panel-first-child\" data-index=\"0\" ><div\n\t\t\t\n\t\t\tclass=\"so-widget-sow-editor so-widget-sow-editor-base\"\n\t\t\t\n\t\t>\n<div class=\"siteorigin-widget-tinymce textwidget\">\n\t<p><img loading=\"lazy\" decoding=\"async\" class=\"alignnone size-large wp-image-751\" src=\"https:\/\/arborescence-design.com\/wp-content\/uploads\/2021\/01\/IMG-5963-768x1024.jpg\" alt=\"\" width=\"525\" height=\"700\" srcset=\"https:\/\/arborescence-design.com\/wp-content\/uploads\/2021\/01\/IMG-5963-768x1024.jpg 768w, https:\/\/arborescence-design.com\/wp-content\/uploads\/2021\/01\/IMG-5963-225x300.jpg 225w, https:\/\/arborescence-design.com\/wp-content\/uploads\/2021\/01\/IMG-5963-1152x1536.jpg 1152w, https:\/\/arborescence-design.com\/wp-content\/uploads\/2021\/01\/IMG-5963-1536x2048.jpg 1536w, https:\/\/arborescence-design.com\/wp-content\/uploads\/2021\/01\/IMG-5963-scaled.jpg 1920w\" sizes=\"auto, (max-width: 525px) 100vw, 525px\" \/><\/p>\n<\/div>\n<\/div><\/div><div id=\"panel-gb749-69e219cfdb1eb-0-0-1\" class=\"so-panel widget widget_sow-editor panel-last-child\" data-index=\"1\" ><div\n\t\t\t\n\t\t\tclass=\"so-widget-sow-editor so-widget-sow-editor-base\"\n\t\t\t\n\t\t>\n<div class=\"siteorigin-widget-tinymce textwidget\">\n\t<p><img loading=\"lazy\" decoding=\"async\" class=\"alignnone size-large wp-image-754\" src=\"https:\/\/arborescence-design.com\/wp-content\/uploads\/2021\/01\/IMG-6032-768x1024.jpg\" alt=\"\" width=\"525\" height=\"700\" srcset=\"https:\/\/arborescence-design.com\/wp-content\/uploads\/2021\/01\/IMG-6032-768x1024.jpg 768w, https:\/\/arborescence-design.com\/wp-content\/uploads\/2021\/01\/IMG-6032-225x300.jpg 225w, https:\/\/arborescence-design.com\/wp-content\/uploads\/2021\/01\/IMG-6032-1152x1536.jpg 1152w, https:\/\/arborescence-design.com\/wp-content\/uploads\/2021\/01\/IMG-6032-1536x2048.jpg 1536w, https:\/\/arborescence-design.com\/wp-content\/uploads\/2021\/01\/IMG-6032-scaled.jpg 1920w\" sizes=\"auto, (max-width: 525px) 100vw, 525px\" \/><\/p>\n<\/div>\n<\/div><\/div><\/div><div id=\"pgc-gb749-69e219cfdb1eb-0-1\"  class=\"panel-grid-cell\" ><div id=\"panel-gb749-69e219cfdb1eb-0-1-0\" class=\"so-panel widget widget_sow-editor panel-first-child\" data-index=\"2\" ><div\n\t\t\t\n\t\t\tclass=\"so-widget-sow-editor so-widget-sow-editor-base\"\n\t\t\t\n\t\t>\n<div class=\"siteorigin-widget-tinymce textwidget\">\n\t<p><img loading=\"lazy\" decoding=\"async\" class=\"alignnone size-large wp-image-753\" src=\"https:\/\/arborescence-design.com\/wp-content\/uploads\/2021\/01\/IMG-6022-768x1024.jpg\" alt=\"\" width=\"525\" height=\"700\" srcset=\"https:\/\/arborescence-design.com\/wp-content\/uploads\/2021\/01\/IMG-6022-768x1024.jpg 768w, https:\/\/arborescence-design.com\/wp-content\/uploads\/2021\/01\/IMG-6022-225x300.jpg 225w, https:\/\/arborescence-design.com\/wp-content\/uploads\/2021\/01\/IMG-6022-1152x1536.jpg 1152w, https:\/\/arborescence-design.com\/wp-content\/uploads\/2021\/01\/IMG-6022-1536x2048.jpg 1536w, https:\/\/arborescence-design.com\/wp-content\/uploads\/2021\/01\/IMG-6022-scaled.jpg 1920w\" sizes=\"auto, (max-width: 525px) 100vw, 525px\" \/><\/p>\n<\/div>\n<\/div><\/div><div id=\"panel-gb749-69e219cfdb1eb-0-1-1\" class=\"so-panel widget widget_sow-editor panel-last-child\" data-index=\"3\" ><div\n\t\t\t\n\t\t\tclass=\"so-widget-sow-editor so-widget-sow-editor-base\"\n\t\t\t\n\t\t>\n<div class=\"siteorigin-widget-tinymce textwidget\">\n\t<p><img loading=\"lazy\" decoding=\"async\" class=\"alignnone size-large wp-image-752\" src=\"https:\/\/arborescence-design.com\/wp-content\/uploads\/2021\/01\/IMG-5964-768x1024.jpg\" alt=\"\" width=\"525\" height=\"700\" srcset=\"https:\/\/arborescence-design.com\/wp-content\/uploads\/2021\/01\/IMG-5964-768x1024.jpg 768w, https:\/\/arborescence-design.com\/wp-content\/uploads\/2021\/01\/IMG-5964-225x300.jpg 225w, https:\/\/arborescence-design.com\/wp-content\/uploads\/2021\/01\/IMG-5964-1152x1536.jpg 1152w, https:\/\/arborescence-design.com\/wp-content\/uploads\/2021\/01\/IMG-5964-1536x2048.jpg 1536w, https:\/\/arborescence-design.com\/wp-content\/uploads\/2021\/01\/IMG-5964-scaled.jpg 1920w\" sizes=\"auto, (max-width: 525px) 100vw, 525px\" \/><\/p>\n<\/div>\n<\/div><\/div><\/div><\/div><div id=\"pg-gb749-69e219cfdb1eb-1\"  class=\"panel-grid panel-no-style\" ><div id=\"pgc-gb749-69e219cfdb1eb-1-0\"  class=\"panel-grid-cell panel-grid-cell-empty\" ><\/div><div id=\"pgc-gb749-69e219cfdb1eb-1-1\"  class=\"panel-grid-cell panel-grid-cell-mobile-last\" ><div id=\"panel-gb749-69e219cfdb1eb-1-1-0\" class=\"so-panel widget widget_sow-editor panel-first-child panel-last-child\" data-index=\"4\" ><div\n\t\t\t\n\t\t\tclass=\"so-widget-sow-editor so-widget-sow-editor-base\"\n\t\t\t\n\t\t>\n<div class=\"siteorigin-widget-tinymce textwidget\">\n\t<div class=\"eds-animate edsanimate-sis-hidden \" data-eds-entry-animation=\"fadeIn\" data-eds-entry-delay=\"0.5\" data-eds-entry-duration=\"1\" data-eds-entry-timing=\"linear\" data-eds-exit-animation=\"\" data-eds-exit-delay=\"\" data-eds-exit-duration=\"\" data-eds-exit-timing=\"\" data-eds-repeat-count=\"1\" data-eds-keep=\"yes\" data-eds-animate-on=\"load\" data-eds-scroll-offset=\"\">\n<div class=\"citation\"><strong>Pi\u00e8ce unique<\/strong><\/div>\n<div class=\"citation\"><strong> Prix de la collection sur devis <\/strong><\/div>\n<div class=\"citation\"> Diam\u00e8tre de 330 mm \u00e0 550 mm.<\/div>\n<\/div>\n<\/div>\n<\/div><\/div><\/div><div id=\"pgc-gb749-69e219cfdb1eb-1-2\"  class=\"panel-grid-cell panel-grid-cell-empty\" ><\/div><\/div><\/div>","protected":false},"excerpt":{"rendered":"<p>Pi\u00e8ce unique Prix de la collection sur devis Diam\u00e8tre de 330 mm \u00e0 550 mm.<\/p>\n","protected":false},"author":2,"featured_media":0,"parent":35,"menu_order":0,"comment_status":"closed","ping_status":"closed","template":"","meta":{"footnotes":""},"class_list":["post-749","page","type-page","status-publish","hentry"],"yoast_head":"<!-- This site is optimized with the Yoast SEO plugin v26.4 - https:\/\/yoast.com\/wordpress\/plugins\/seo\/ -->\n<title>Sculpture\/assise &quot;Min\u00e9ral&quot; - Arborescence Design<\/title>\n<meta name=\"robots\" content=\"index, follow, max-snippet:-1, max-image-preview:large, max-video-preview:-1\" \/>\n<link rel=\"canonical\" href=\"https:\/\/arborescence-design.com\/index.php\/la-collection\/sculpture-assise-mineral\/\" \/>\n<meta property=\"og:locale\" content=\"fr_FR\" \/>\n<meta property=\"og:type\" content=\"article\" \/>\n<meta property=\"og:title\" content=\"Sculpture\/assise &quot;Min\u00e9ral&quot; - Arborescence Design\" \/>\n<meta property=\"og:description\" content=\"Pi\u00e8ce unique Prix de la collection sur devis Diam\u00e8tre de 330 mm \u00e0 550 mm.\" \/>\n<meta property=\"og:url\" content=\"https:\/\/arborescence-design.com\/index.php\/la-collection\/sculpture-assise-mineral\/\" \/>\n<meta property=\"og:site_name\" content=\"Arborescence Design\" \/>\n<meta property=\"article:modified_time\" content=\"2021-01-20T13:09:36+00:00\" \/>\n<meta property=\"og:image\" content=\"http:\/\/arborescence-design.com\/wp-content\/uploads\/2021\/01\/IMG-5963-768x1024.jpg\" \/>\n<meta name=\"twitter:card\" content=\"summary_large_image\" \/>\n<script type=\"application\/ld+json\" class=\"yoast-schema-graph\">{\"@context\":\"https:\/\/schema.org\",\"@graph\":[{\"@type\":\"WebPage\",\"@id\":\"https:\/\/arborescence-design.com\/index.php\/la-collection\/sculpture-assise-mineral\/\",\"url\":\"https:\/\/arborescence-design.com\/index.php\/la-collection\/sculpture-assise-mineral\/\",\"name\":\"Sculpture\/assise \\\"Min\u00e9ral\\\" - Arborescence Design\",\"isPartOf\":{\"@id\":\"https:\/\/arborescence-design.com\/#website\"},\"primaryImageOfPage\":{\"@id\":\"https:\/\/arborescence-design.com\/index.php\/la-collection\/sculpture-assise-mineral\/#primaryimage\"},\"image\":{\"@id\":\"https:\/\/arborescence-design.com\/index.php\/la-collection\/sculpture-assise-mineral\/#primaryimage\"},\"thumbnailUrl\":\"http:\/\/arborescence-design.com\/wp-content\/uploads\/2021\/01\/IMG-5963-768x1024.jpg\",\"datePublished\":\"2021-01-20T12:51:48+00:00\",\"dateModified\":\"2021-01-20T13:09:36+00:00\",\"breadcrumb\":{\"@id\":\"https:\/\/arborescence-design.com\/index.php\/la-collection\/sculpture-assise-mineral\/#breadcrumb\"},\"inLanguage\":\"fr-FR\",\"potentialAction\":[{\"@type\":\"ReadAction\",\"target\":[\"https:\/\/arborescence-design.com\/index.php\/la-collection\/sculpture-assise-mineral\/\"]}]},{\"@type\":\"ImageObject\",\"inLanguage\":\"fr-FR\",\"@id\":\"https:\/\/arborescence-design.com\/index.php\/la-collection\/sculpture-assise-mineral\/#primaryimage\",\"url\":\"http:\/\/arborescence-design.com\/wp-content\/uploads\/2021\/01\/IMG-5963-768x1024.jpg\",\"contentUrl\":\"http:\/\/arborescence-design.com\/wp-content\/uploads\/2021\/01\/IMG-5963-768x1024.jpg\"},{\"@type\":\"BreadcrumbList\",\"@id\":\"https:\/\/arborescence-design.com\/index.php\/la-collection\/sculpture-assise-mineral\/#breadcrumb\",\"itemListElement\":[{\"@type\":\"ListItem\",\"position\":1,\"name\":\"Accueil\",\"item\":\"https:\/\/arborescence-design.com\/\"},{\"@type\":\"ListItem\",\"position\":2,\"name\":\"Collection\",\"item\":\"https:\/\/arborescence-design.com\/index.php\/la-collection\/\"},{\"@type\":\"ListItem\",\"position\":3,\"name\":\"Sculpture\/assise &#8220;Min\u00e9ral&#8221;\"}]},{\"@type\":\"WebSite\",\"@id\":\"https:\/\/arborescence-design.com\/#website\",\"url\":\"https:\/\/arborescence-design.com\/\",\"name\":\"Arborescence Design\",\"description\":\"\",\"publisher\":{\"@id\":\"https:\/\/arborescence-design.com\/#organization\"},\"potentialAction\":[{\"@type\":\"SearchAction\",\"target\":{\"@type\":\"EntryPoint\",\"urlTemplate\":\"https:\/\/arborescence-design.com\/?s={search_term_string}\"},\"query-input\":{\"@type\":\"PropertyValueSpecification\",\"valueRequired\":true,\"valueName\":\"search_term_string\"}}],\"inLanguage\":\"fr-FR\"},{\"@type\":\"Organization\",\"@id\":\"https:\/\/arborescence-design.com\/#organization\",\"name\":\"Arborescence Design\",\"url\":\"https:\/\/arborescence-design.com\/\",\"logo\":{\"@type\":\"ImageObject\",\"inLanguage\":\"fr-FR\",\"@id\":\"https:\/\/arborescence-design.com\/#\/schema\/logo\/image\/\",\"url\":\"https:\/\/arborescence-design.com\/wp-content\/uploads\/2017\/09\/cropped-JPC_carre_matiere-1-e1504520823984.jpg\",\"contentUrl\":\"https:\/\/arborescence-design.com\/wp-content\/uploads\/2017\/09\/cropped-JPC_carre_matiere-1-e1504520823984.jpg\",\"width\":246,\"height\":250,\"caption\":\"Arborescence Design\"},\"image\":{\"@id\":\"https:\/\/arborescence-design.com\/#\/schema\/logo\/image\/\"}}]}<\/script>\n<!-- \/ Yoast SEO plugin. -->","yoast_head_json":{"title":"Sculpture\/assise \"Min\u00e9ral\" - Arborescence Design","robots":{"index":"index","follow":"follow","max-snippet":"max-snippet:-1","max-image-preview":"max-image-preview:large","max-video-preview":"max-video-preview:-1"},"canonical":"https:\/\/arborescence-design.com\/index.php\/la-collection\/sculpture-assise-mineral\/","og_locale":"fr_FR","og_type":"article","og_title":"Sculpture\/assise \"Min\u00e9ral\" - Arborescence Design","og_description":"Pi\u00e8ce unique Prix de la collection sur devis Diam\u00e8tre de 330 mm \u00e0 550 mm.","og_url":"https:\/\/arborescence-design.com\/index.php\/la-collection\/sculpture-assise-mineral\/","og_site_name":"Arborescence Design","article_modified_time":"2021-01-20T13:09:36+00:00","og_image":[{"url":"http:\/\/arborescence-design.com\/wp-content\/uploads\/2021\/01\/IMG-5963-768x1024.jpg","type":"","width":"","height":""}],"twitter_card":"summary_large_image","schema":{"@context":"https:\/\/schema.org","@graph":[{"@type":"WebPage","@id":"https:\/\/arborescence-design.com\/index.php\/la-collection\/sculpture-assise-mineral\/","url":"https:\/\/arborescence-design.com\/index.php\/la-collection\/sculpture-assise-mineral\/","name":"Sculpture\/assise \"Min\u00e9ral\" - Arborescence Design","isPartOf":{"@id":"https:\/\/arborescence-design.com\/#website"},"primaryImageOfPage":{"@id":"https:\/\/arborescence-design.com\/index.php\/la-collection\/sculpture-assise-mineral\/#primaryimage"},"image":{"@id":"https:\/\/arborescence-design.com\/index.php\/la-collection\/sculpture-assise-mineral\/#primaryimage"},"thumbnailUrl":"http:\/\/arborescence-design.com\/wp-content\/uploads\/2021\/01\/IMG-5963-768x1024.jpg","datePublished":"2021-01-20T12:51:48+00:00","dateModified":"2021-01-20T13:09:36+00:00","breadcrumb":{"@id":"https:\/\/arborescence-design.com\/index.php\/la-collection\/sculpture-assise-mineral\/#breadcrumb"},"inLanguage":"fr-FR","potentialAction":[{"@type":"ReadAction","target":["https:\/\/arborescence-design.com\/index.php\/la-collection\/sculpture-assise-mineral\/"]}]},{"@type":"ImageObject","inLanguage":"fr-FR","@id":"https:\/\/arborescence-design.com\/index.php\/la-collection\/sculpture-assise-mineral\/#primaryimage","url":"http:\/\/arborescence-design.com\/wp-content\/uploads\/2021\/01\/IMG-5963-768x1024.jpg","contentUrl":"http:\/\/arborescence-design.com\/wp-content\/uploads\/2021\/01\/IMG-5963-768x1024.jpg"},{"@type":"BreadcrumbList","@id":"https:\/\/arborescence-design.com\/index.php\/la-collection\/sculpture-assise-mineral\/#breadcrumb","itemListElement":[{"@type":"ListItem","position":1,"name":"Accueil","item":"https:\/\/arborescence-design.com\/"},{"@type":"ListItem","position":2,"name":"Collection","item":"https:\/\/arborescence-design.com\/index.php\/la-collection\/"},{"@type":"ListItem","position":3,"name":"Sculpture\/assise &#8220;Min\u00e9ral&#8221;"}]},{"@type":"WebSite","@id":"https:\/\/arborescence-design.com\/#website","url":"https:\/\/arborescence-design.com\/","name":"Arborescence Design","description":"","publisher":{"@id":"https:\/\/arborescence-design.com\/#organization"},"potentialAction":[{"@type":"SearchAction","target":{"@type":"EntryPoint","urlTemplate":"https:\/\/arborescence-design.com\/?s={search_term_string}"},"query-input":{"@type":"PropertyValueSpecification","valueRequired":true,"valueName":"search_term_string"}}],"inLanguage":"fr-FR"},{"@type":"Organization","@id":"https:\/\/arborescence-design.com\/#organization","name":"Arborescence Design","url":"https:\/\/arborescence-design.com\/","logo":{"@type":"ImageObject","inLanguage":"fr-FR","@id":"https:\/\/arborescence-design.com\/#\/schema\/logo\/image\/","url":"https:\/\/arborescence-design.com\/wp-content\/uploads\/2017\/09\/cropped-JPC_carre_matiere-1-e1504520823984.jpg","contentUrl":"https:\/\/arborescence-design.com\/wp-content\/uploads\/2017\/09\/cropped-JPC_carre_matiere-1-e1504520823984.jpg","width":246,"height":250,"caption":"Arborescence Design"},"image":{"@id":"https:\/\/arborescence-design.com\/#\/schema\/logo\/image\/"}}]}},"_links":{"self":[{"href":"https:\/\/arborescence-design.com\/index.php\/wp-json\/wp\/v2\/pages\/749","targetHints":{"allow":["GET"]}}],"collection":[{"href":"https:\/\/arborescence-design.com\/index.php\/wp-json\/wp\/v2\/pages"}],"about":[{"href":"https:\/\/arborescence-design.com\/index.php\/wp-json\/wp\/v2\/types\/page"}],"author":[{"embeddable":true,"href":"https:\/\/arborescence-design.com\/index.php\/wp-json\/wp\/v2\/users\/2"}],"replies":[{"embeddable":true,"href":"https:\/\/arborescence-design.com\/index.php\/wp-json\/wp\/v2\/comments?post=749"}],"version-history":[{"count":7,"href":"https:\/\/arborescence-design.com\/index.php\/wp-json\/wp\/v2\/pages\/749\/revisions"}],"predecessor-version":[{"id":760,"href":"https:\/\/arborescence-design.com\/index.php\/wp-json\/wp\/v2\/pages\/749\/revisions\/760"}],"up":[{"embeddable":true,"href":"https:\/\/arborescence-design.com\/index.php\/wp-json\/wp\/v2\/pages\/35"}],"wp:attachment":[{"href":"https:\/\/arborescence-design.com\/index.php\/wp-json\/wp\/v2\/media?parent=749"}],"curies":[{"name":"wp","href":"https:\/\/api.w.org\/{rel}","templated":true}]}}